{"id":4213,"date":"2013-07-15T15:20:17","date_gmt":"2013-07-15T19:20:17","guid":{"rendered":"http:\/\/pierreroy-v6.triton42.com\/?page_id=4213"},"modified":"2025-03-13T21:06:39","modified_gmt":"2025-03-14T02:06:39","slug":"about-us","status":"publish","type":"page","link":"https:\/\/pierreroy.com\/en\/about-us\/","title":{"rendered":"About Us"},"content":{"rendered":"<section class=page-section>\n<h2 class=\"text-center super-title\">Who Are We?<\/h2>\n<div class=container>\n<div class=grid_7>\n<p class=lead>Since 1990 we have been helping people regain control of their finances and make a fresh start. We&#8217;re here for you if you have financial trouble.<\/p>\n<p>You can rely on the competence, honesty and integrity of our team of Licensed Insolvency Trustees and Financial Reorganization Advisors.<\/p><\/div>\n<div class=mobile-spacer><\/div>\n<div class=\"text-center grid_5\">\n<div class=\"border-box box\">\n<h5>We are members of the Quebec and Canadian associations<\/h5>\n<div class=spacer><\/div>\n<div class=container>\n<div class=grid_6><img alt=\"Le Conseil des Syndics autoris\u00e9s en insolvabilit\u00e9 du Qu\u00e9bec\"height=85 src=\/assets\/conseil-syndics-autorises-insolvabilite-quebec.png width=230><\/div>\n<div class=mobile-spacer><\/div>\n<div class=grid_6><img alt=\"The Canadian Association of Insolvency and Restructuring Professionals (CAIRP)\"height=85 src=\/assets\/cairp.png width=230><\/div>\n<\/div>\n<\/div>\n<\/div>\n<div class=clear><\/div>\n<\/div>\n<\/section>\n<hr>\n<section class=page-section>\n<div class=container>\n<div class=\"text-center grid_4\">\n<h4>Our Mission<\/h4>\n<p>To help you solve your financial problems! You can rely on the competence, honesty and integrity of professionals who deal with you, your creditors and any other party related to your specific situation.<\/p>\n<p><a href=\/en\/about-us\/our-mission\/ class=button>Read more<\/a><\/div>\n<div class=\"text-center grid_4\">\n<h4>Testimonials<\/h4>\n<p>Here, regular customers are rare but satisfied customers are plenty. See what our customers have to say about their experience at Pierre Roy &#038; Associ\u00e9s.<\/p>\n<p><a href=\/en\/about-us\/testimonials\/ class=button>Read Testimonials<\/a><\/div>\n<div class=\"text-center grid_4\">\n<h4>Our Team<\/h4>\n<p>For over twenty years, our firm has been helping individuals and small businesses to restore their financial situation. This is possible thanks to our team! In fact, our team is composed of professionals able to advise you wisely about insolvency.<\/p>\n<p><a href=\/en\/about-us\/our-team\/ class=button>Meet our Team<\/a><\/div>\n<\/div>\n<\/section>\n<hr>\n<section class=page-section>\n<div class=container>\n<div class=grid_2><\/div>\n<div class=\"text-center grid_8\">\n<h3>Our Involvement<\/h3>\n<p class=lead>Pierre Roy &#038; Associ\u00e9s is proud to partner with many local organizations providing assistance to those who need it most.<\/div>\n<div class=grid_2><\/div>\n<\/div>\n<div class=spacer><\/div>\n<div class=container>\n<div class=\"text-center grid_12\">\n<ul class=\"block_grid by_4\">\n<li><a href=https:\/\/uniondesconsommateurs.ca\/ target=_blank><img alt=\"Union des consommateurs\"height=160 src=\/assets\/partenaire-union-des-consommateurs.png width=240><\/a>\n<li><a href=https:\/\/option-consommateurs.org\/en\/ target=_blank><img alt=\"A nonprofit organization since 1983, Option consommateurs' mission is to promote and defend the interests of consumers while ensuring that these interests are respected.\"height=160 src=\/assets\/partenaire-option-consommateurs.png width=240><\/a>\n<li><a href=https:\/\/marie-vincent.org\/en\/ target=_blank><img alt=\"Fondation Marie-Vincent\"height=160 src=\/assets\/partenaire-fondation-marie-vincent.jpg width=240><\/a>\n<li><a href=https:\/\/www.mspvs.org\/en\/ target=_blank><img alt=\"Fondation Maison de soins palliatifs de Vaudreuil-Soulanges\"height=160 src=\/assets\/partenaire-mspvs.jpg width=240><\/a>\n<li><a href=https:\/\/www.cancer.ca target=_blank><img alt=\"Soci\u00e9t\u00e9 canadienne du cancer\"height=160 src=\/assets\/partenaire-societe-canadienne-du-cancer.jpg width=240><\/a>\n<li><a href=https:\/\/www.relaispourlavie.ca target=_blank><img alt=\"Relais pour la vie\"height=160 src=\/assets\/partenaire-relais-pour-la-vie.jpg width=240><\/a>\n<li><a href=https:\/\/moissonsudouest.org\/en\/ target=_blank><img alt=\"Moisson Sud Ouest\"height=160 src=\/assets\/partenaire-moisson-sud-ouest.jpg width=240><\/a><\/ul>\n<\/div>\n<\/div>\n<\/section>\n","protected":false},"excerpt":{"rendered":"<p>Who Are We? Since 1990 we have been helping people regain control of their finances and make a fresh start. We&#8217;re here for you if you have financial trouble. You can rely on the competence, honesty and integrity of our team of Licensed Insolvency Trustees and Financial Reorganization Advisors. We are members of the Quebec [&hellip;]<\/p>\n","protected":false},"author":1,"featured_media":6360,"parent":0,"menu_order":0,"comment_status":"closed","ping_status":"closed","template":"page-full.php","meta":{"_acf_changed":false,"footnotes":""},"class_list":["post-4213","page","type-page","status-publish","has-post-thumbnail","hentry"],"acf":[],"yoast_head":"<!-- This site is optimized with the Yoast SEO plugin v27.4 - https:\/\/yoast.com\/product\/yoast-seo-wordpress\/ -->\n<title>About Us - Pierre Roy &amp; Associ\u00e9s<\/title>\n<meta name=\"robots\" content=\"index, follow, max-snippet:-1, max-image-preview:large, max-video-preview:-1\" \/>\n<link rel=\"canonical\" href=\"https:\/\/pierreroy.com\/en\/about-us\/\" \/>\n<meta property=\"og:locale\" content=\"en_US\" \/>\n<meta property=\"og:type\" content=\"article\" \/>\n<meta property=\"og:title\" content=\"About Us - Pierre Roy &amp; Associ\u00e9s\" \/>\n<meta property=\"og:description\" content=\"Who Are We? Since 1990 we have been helping people regain control of their finances and make a fresh start. We&#8217;re here for you if you have financial trouble. You can rely on the competence, honesty and integrity of our team of Licensed Insolvency Trustees and Financial Reorganization Advisors. We are members of the Quebec [&hellip;]\" \/>\n<meta property=\"og:url\" content=\"https:\/\/pierreroy.com\/en\/about-us\/\" \/>\n<meta property=\"og:site_name\" content=\"Pierre Roy &amp; Associ\u00e9s\" \/>\n<meta property=\"article:publisher\" content=\"https:\/\/www.facebook.com\/PierreRoySyndic\" \/>\n<meta property=\"article:modified_time\" content=\"2025-03-14T02:06:39+00:00\" \/>\n<meta property=\"og:image\" content=\"https:\/\/pierreroy.com\/assets\/a-propos-cover.jpg\" \/>\n\t<meta property=\"og:image:width\" content=\"1280\" \/>\n\t<meta property=\"og:image:height\" content=\"300\" \/>\n\t<meta property=\"og:image:type\" content=\"image\/jpeg\" \/>\n<meta name=\"twitter:card\" content=\"summary_large_image\" \/>\n<meta name=\"twitter:site\" content=\"@pierreroysyndic\" \/>\n<meta name=\"twitter:label1\" content=\"Est. reading time\" \/>\n\t<meta name=\"twitter:data1\" content=\"3 minutes\" \/>\n<script type=\"application\/ld+json\" class=\"yoast-schema-graph\">{\"@context\":\"https:\\\/\\\/schema.org\",\"@graph\":[{\"@type\":\"WebPage\",\"@id\":\"https:\\\/\\\/pierreroy.com\\\/en\\\/about-us\\\/\",\"url\":\"https:\\\/\\\/pierreroy.com\\\/en\\\/about-us\\\/\",\"name\":\"About Us - Pierre Roy &amp; Associ\u00e9s\",\"isPartOf\":{\"@id\":\"https:\\\/\\\/pierreroy.com\\\/#website\"},\"primaryImageOfPage\":{\"@id\":\"https:\\\/\\\/pierreroy.com\\\/en\\\/about-us\\\/#primaryimage\"},\"image\":{\"@id\":\"https:\\\/\\\/pierreroy.com\\\/en\\\/about-us\\\/#primaryimage\"},\"thumbnailUrl\":\"https:\\\/\\\/pierreroy.com\\\/assets\\\/a-propos-cover.jpg\",\"datePublished\":\"2013-07-15T19:20:17+00:00\",\"dateModified\":\"2025-03-14T02:06:39+00:00\",\"breadcrumb\":{\"@id\":\"https:\\\/\\\/pierreroy.com\\\/en\\\/about-us\\\/#breadcrumb\"},\"inLanguage\":\"en-CA\",\"potentialAction\":[{\"@type\":\"ReadAction\",\"target\":[\"https:\\\/\\\/pierreroy.com\\\/en\\\/about-us\\\/\"]}]},{\"@type\":\"ImageObject\",\"inLanguage\":\"en-CA\",\"@id\":\"https:\\\/\\\/pierreroy.com\\\/en\\\/about-us\\\/#primaryimage\",\"url\":\"https:\\\/\\\/pierreroy.com\\\/assets\\\/a-propos-cover.jpg\",\"contentUrl\":\"https:\\\/\\\/pierreroy.com\\\/assets\\\/a-propos-cover.jpg\",\"width\":1280,\"height\":300},{\"@type\":\"BreadcrumbList\",\"@id\":\"https:\\\/\\\/pierreroy.com\\\/en\\\/about-us\\\/#breadcrumb\",\"itemListElement\":[{\"@type\":\"ListItem\",\"position\":1,\"name\":\"Pierre Roy &amp; Associ\u00e9s\",\"item\":\"https:\\\/\\\/pierreroy.com\\\/en\\\/\"},{\"@type\":\"ListItem\",\"position\":2,\"name\":\"About Us\"}]},{\"@type\":\"WebSite\",\"@id\":\"https:\\\/\\\/pierreroy.com\\\/#website\",\"url\":\"https:\\\/\\\/pierreroy.com\\\/\",\"name\":\"Pierre Roy &amp; Associ\u00e9s\",\"description\":\"Solutions \u00e0 l&#039;endettement\",\"potentialAction\":[{\"@type\":\"SearchAction\",\"target\":{\"@type\":\"EntryPoint\",\"urlTemplate\":\"https:\\\/\\\/pierreroy.com\\\/?s={search_term_string}\"},\"query-input\":{\"@type\":\"PropertyValueSpecification\",\"valueRequired\":true,\"valueName\":\"search_term_string\"}}],\"inLanguage\":\"en-CA\"}]}<\/script>\n<!-- \/ Yoast SEO plugin. -->","yoast_head_json":{"title":"About Us - Pierre Roy &amp; Associ\u00e9s","robots":{"index":"index","follow":"follow","max-snippet":"max-snippet:-1","max-image-preview":"max-image-preview:large","max-video-preview":"max-video-preview:-1"},"canonical":"https:\/\/pierreroy.com\/en\/about-us\/","og_locale":"en_US","og_type":"article","og_title":"About Us - Pierre Roy &amp; Associ\u00e9s","og_description":"Who Are We? Since 1990 we have been helping people regain control of their finances and make a fresh start. We&#8217;re here for you if you have financial trouble. You can rely on the competence, honesty and integrity of our team of Licensed Insolvency Trustees and Financial Reorganization Advisors. We are members of the Quebec [&hellip;]","og_url":"https:\/\/pierreroy.com\/en\/about-us\/","og_site_name":"Pierre Roy &amp; Associ\u00e9s","article_publisher":"https:\/\/www.facebook.com\/PierreRoySyndic","article_modified_time":"2025-03-14T02:06:39+00:00","og_image":[{"width":1280,"height":300,"url":"https:\/\/pierreroy.com\/assets\/a-propos-cover.jpg","type":"image\/jpeg"}],"twitter_card":"summary_large_image","twitter_site":"@pierreroysyndic","twitter_misc":{"Est. reading time":"3 minutes"},"schema":{"@context":"https:\/\/schema.org","@graph":[{"@type":"WebPage","@id":"https:\/\/pierreroy.com\/en\/about-us\/","url":"https:\/\/pierreroy.com\/en\/about-us\/","name":"About Us - Pierre Roy &amp; Associ\u00e9s","isPartOf":{"@id":"https:\/\/pierreroy.com\/#website"},"primaryImageOfPage":{"@id":"https:\/\/pierreroy.com\/en\/about-us\/#primaryimage"},"image":{"@id":"https:\/\/pierreroy.com\/en\/about-us\/#primaryimage"},"thumbnailUrl":"https:\/\/pierreroy.com\/assets\/a-propos-cover.jpg","datePublished":"2013-07-15T19:20:17+00:00","dateModified":"2025-03-14T02:06:39+00:00","breadcrumb":{"@id":"https:\/\/pierreroy.com\/en\/about-us\/#breadcrumb"},"inLanguage":"en-CA","potentialAction":[{"@type":"ReadAction","target":["https:\/\/pierreroy.com\/en\/about-us\/"]}]},{"@type":"ImageObject","inLanguage":"en-CA","@id":"https:\/\/pierreroy.com\/en\/about-us\/#primaryimage","url":"https:\/\/pierreroy.com\/assets\/a-propos-cover.jpg","contentUrl":"https:\/\/pierreroy.com\/assets\/a-propos-cover.jpg","width":1280,"height":300},{"@type":"BreadcrumbList","@id":"https:\/\/pierreroy.com\/en\/about-us\/#breadcrumb","itemListElement":[{"@type":"ListItem","position":1,"name":"Pierre Roy &amp; Associ\u00e9s","item":"https:\/\/pierreroy.com\/en\/"},{"@type":"ListItem","position":2,"name":"About Us"}]},{"@type":"WebSite","@id":"https:\/\/pierreroy.com\/#website","url":"https:\/\/pierreroy.com\/","name":"Pierre Roy &amp; Associ\u00e9s","description":"Solutions \u00e0 l&#039;endettement","potentialAction":[{"@type":"SearchAction","target":{"@type":"EntryPoint","urlTemplate":"https:\/\/pierreroy.com\/?s={search_term_string}"},"query-input":{"@type":"PropertyValueSpecification","valueRequired":true,"valueName":"search_term_string"}}],"inLanguage":"en-CA"}]}},"_links":{"self":[{"href":"https:\/\/pierreroy.com\/en\/wp-json\/wp\/v2\/pages\/4213","targetHints":{"allow":["GET"]}}],"collection":[{"href":"https:\/\/pierreroy.com\/en\/wp-json\/wp\/v2\/pages"}],"about":[{"href":"https:\/\/pierreroy.com\/en\/wp-json\/wp\/v2\/types\/page"}],"author":[{"embeddable":true,"href":"https:\/\/pierreroy.com\/en\/wp-json\/wp\/v2\/users\/1"}],"replies":[{"embeddable":true,"href":"https:\/\/pierreroy.com\/en\/wp-json\/wp\/v2\/comments?post=4213"}],"version-history":[{"count":0,"href":"https:\/\/pierreroy.com\/en\/wp-json\/wp\/v2\/pages\/4213\/revisions"}],"wp:featuredmedia":[{"embeddable":true,"href":"https:\/\/pierreroy.com\/en\/wp-json\/wp\/v2\/media\/6360"}],"wp:attachment":[{"href":"https:\/\/pierreroy.com\/en\/wp-json\/wp\/v2\/media?parent=4213"}],"curies":[{"name":"wp","href":"https:\/\/api.w.org\/{rel}","templated":true}]}}