{"id":4679,"date":"2014-03-26T11:54:46","date_gmt":"2014-03-26T15:54:46","guid":{"rendered":"http:\/\/pierreroy.com\/?page_id=4679"},"modified":"2025-08-29T11:57:57","modified_gmt":"2025-08-29T16:57:57","slug":"bankruptcy-trustee-saint-jerome","status":"publish","type":"page","link":"https:\/\/pierreroy.com\/en\/offices\/bankruptcy-trustee-saint-jerome\/","title":{"rendered":"Saint-J\u00e9r\u00f4me"},"content":{"rendered":"<p>Are your financial problems causing you stress, anxiety, insomnia? Let the professionals from Pierre Roy &amp; Associ\u00e9s, Licensed Insolvency Trustee in Saint-J\u00e9r\u00f4me, analyze your situation and offer practical solutions. It\u2019s possible to reduce your debts, keep your assets and avoid bankruptcy with <a href=\"https:\/\/pierreroy.com\/en\/consumer-proposal\/\">the consumer proposal<\/a>. Let our advisors and Licensed Insolvency Trustee in Saint-J\u00e9r\u00f4me help you regain peace of mind. We offer a free initial consultation at our office located in Saint-J\u00e9r\u00f4me.<\/p>\n<!-- MOLECULE: consultation-cta-en-->\r\n<div class=\"slim border-box box\"><div class=\"grid_6 mobile-center no-padding\"><p class=no-margin><span class=big-thin>Need help fast?<\/span><br><span class=small>Get a free consultation within 48 hours<\/span><\/div><div class=\"grid_6 mobile-center no-padding text-right\"><p class=slim><a class=\"button red\"href=\"\/en\/free-consultation\/?office_id=\">Get a free consultation<\/a><\/div><div class=clear><\/div><\/div>\n","protected":false},"excerpt":{"rendered":"<p>Are your financial problems causing you stress, anxiety, insomnia? Let the professionals from Pierre Roy &amp; Associ\u00e9s, Licensed Insolvency Trustee in Saint-J\u00e9r\u00f4me, analyze your situation and offer practical solutions. It\u2019s possible to reduce your debts, keep your assets and avoid bankruptcy with the consumer proposal. Let our advisors and Licensed Insolvency Trustee in Saint-J\u00e9r\u00f4me help [&hellip;]<\/p>\n","protected":false},"author":1,"featured_media":7468,"parent":4219,"menu_order":0,"comment_status":"closed","ping_status":"closed","template":"page-office.php","meta":{"_acf_changed":false,"footnotes":""},"class_list":["post-4679","page","type-page","status-publish","has-post-thumbnail","hentry"],"acf":[],"yoast_head":"<!-- This site is optimized with the Yoast SEO plugin v26.6 - https:\/\/yoast.com\/wordpress\/plugins\/seo\/ -->\n<title>Bankruptcy Trustee in Saint-J\u00e9r\u00f4me - 189 de Martigny O. -\u00a0Pierre Roy &amp; Associ\u00e9s<\/title>\n<meta name=\"description\" content=\"Our financial reorganization advisors in Saint-J\u00e9r\u00f4me are there to relieve you of your debt and guide you to a better financial situation.\" \/>\n<meta name=\"robots\" content=\"index, follow, max-snippet:-1, max-image-preview:large, max-video-preview:-1\" \/>\n<link rel=\"canonical\" href=\"https:\/\/pierreroy.com\/en\/offices\/bankruptcy-trustee-saint-jerome\/\" \/>\n<meta property=\"og:locale\" content=\"en_US\" \/>\n<meta property=\"og:type\" content=\"article\" \/>\n<meta property=\"og:title\" content=\"Bankruptcy Trustee in Saint-J\u00e9r\u00f4me - 189 de Martigny O. -\u00a0Pierre Roy &amp; Associ\u00e9s\" \/>\n<meta property=\"og:description\" content=\"Our financial reorganization advisors in Saint-J\u00e9r\u00f4me are there to relieve you of your debt and guide you to a better financial situation.\" \/>\n<meta property=\"og:url\" content=\"https:\/\/pierreroy.com\/en\/offices\/bankruptcy-trustee-saint-jerome\/\" \/>\n<meta property=\"og:site_name\" content=\"Pierre Roy &amp; Associ\u00e9s\" \/>\n<meta property=\"article:publisher\" content=\"https:\/\/www.facebook.com\/PierreRoySyndic\" \/>\n<meta property=\"article:modified_time\" content=\"2025-08-29T16:57:57+00:00\" \/>\n<meta property=\"og:image\" content=\"https:\/\/pierreroy.com\/assets\/hero-bg-sophie.jpg\" \/>\n\t<meta property=\"og:image:width\" content=\"1920\" \/>\n\t<meta property=\"og:image:height\" content=\"800\" \/>\n\t<meta property=\"og:image:type\" content=\"image\/jpeg\" \/>\n<meta name=\"twitter:card\" content=\"summary_large_image\" \/>\n<meta name=\"twitter:site\" content=\"@pierreroysyndic\" \/>\n<meta name=\"twitter:label1\" content=\"Est. reading time\" \/>\n\t<meta name=\"twitter:data1\" content=\"1 minute\" \/>\n<script type=\"application\/ld+json\" class=\"yoast-schema-graph\">{\"@context\":\"https:\/\/schema.org\",\"@graph\":[{\"@type\":\"WebPage\",\"@id\":\"https:\/\/pierreroy.com\/en\/offices\/bankruptcy-trustee-saint-jerome\/\",\"url\":\"https:\/\/pierreroy.com\/en\/offices\/bankruptcy-trustee-saint-jerome\/\",\"name\":\"Bankruptcy Trustee in Saint-J\u00e9r\u00f4me - 189 de Martigny O. -\u00a0Pierre Roy &amp; Associ\u00e9s\",\"isPartOf\":{\"@id\":\"https:\/\/pierreroy.com\/#website\"},\"primaryImageOfPage\":{\"@id\":\"https:\/\/pierreroy.com\/en\/offices\/bankruptcy-trustee-saint-jerome\/#primaryimage\"},\"image\":{\"@id\":\"https:\/\/pierreroy.com\/en\/offices\/bankruptcy-trustee-saint-jerome\/#primaryimage\"},\"thumbnailUrl\":\"https:\/\/pierreroy.com\/assets\/hero-bg-sophie.jpg\",\"datePublished\":\"2014-03-26T15:54:46+00:00\",\"dateModified\":\"2025-08-29T16:57:57+00:00\",\"description\":\"Our financial reorganization advisors in Saint-J\u00e9r\u00f4me are there to relieve you of your debt and guide you to a better financial situation.\",\"breadcrumb\":{\"@id\":\"https:\/\/pierreroy.com\/en\/offices\/bankruptcy-trustee-saint-jerome\/#breadcrumb\"},\"inLanguage\":\"en-CA\",\"potentialAction\":[{\"@type\":\"ReadAction\",\"target\":[\"https:\/\/pierreroy.com\/en\/offices\/bankruptcy-trustee-saint-jerome\/\"]}]},{\"@type\":\"ImageObject\",\"inLanguage\":\"en-CA\",\"@id\":\"https:\/\/pierreroy.com\/en\/offices\/bankruptcy-trustee-saint-jerome\/#primaryimage\",\"url\":\"https:\/\/pierreroy.com\/assets\/hero-bg-sophie.jpg\",\"contentUrl\":\"https:\/\/pierreroy.com\/assets\/hero-bg-sophie.jpg\",\"width\":1920,\"height\":800},{\"@type\":\"BreadcrumbList\",\"@id\":\"https:\/\/pierreroy.com\/en\/offices\/bankruptcy-trustee-saint-jerome\/#breadcrumb\",\"itemListElement\":[{\"@type\":\"ListItem\",\"position\":1,\"name\":\"Pierre Roy &amp; Associ\u00e9s\",\"item\":\"https:\/\/pierreroy.com\/en\/\"},{\"@type\":\"ListItem\",\"position\":2,\"name\":\"Offices\",\"item\":\"https:\/\/pierreroy.com\/en\/offices\/\"},{\"@type\":\"ListItem\",\"position\":3,\"name\":\"Saint-J\u00e9r\u00f4me\"}]},{\"@type\":\"WebSite\",\"@id\":\"https:\/\/pierreroy.com\/#website\",\"url\":\"https:\/\/pierreroy.com\/\",\"name\":\"Pierre Roy &amp; Associ\u00e9s\",\"description\":\"Solutions \u00e0 l&#039;endettement\",\"potentialAction\":[{\"@type\":\"SearchAction\",\"target\":{\"@type\":\"EntryPoint\",\"urlTemplate\":\"https:\/\/pierreroy.com\/?s={search_term_string}\"},\"query-input\":{\"@type\":\"PropertyValueSpecification\",\"valueRequired\":true,\"valueName\":\"search_term_string\"}}],\"inLanguage\":\"en-CA\"}]}<\/script>\n<!-- \/ Yoast SEO plugin. -->","yoast_head_json":{"title":"Bankruptcy Trustee in Saint-J\u00e9r\u00f4me - 189 de Martigny O. -\u00a0Pierre Roy &amp; Associ\u00e9s","description":"Our financial reorganization advisors in Saint-J\u00e9r\u00f4me are there to relieve you of your debt and guide you to a better financial situation.","robots":{"index":"index","follow":"follow","max-snippet":"max-snippet:-1","max-image-preview":"max-image-preview:large","max-video-preview":"max-video-preview:-1"},"canonical":"https:\/\/pierreroy.com\/en\/offices\/bankruptcy-trustee-saint-jerome\/","og_locale":"en_US","og_type":"article","og_title":"Bankruptcy Trustee in Saint-J\u00e9r\u00f4me - 189 de Martigny O. -\u00a0Pierre Roy &amp; Associ\u00e9s","og_description":"Our financial reorganization advisors in Saint-J\u00e9r\u00f4me are there to relieve you of your debt and guide you to a better financial situation.","og_url":"https:\/\/pierreroy.com\/en\/offices\/bankruptcy-trustee-saint-jerome\/","og_site_name":"Pierre Roy &amp; Associ\u00e9s","article_publisher":"https:\/\/www.facebook.com\/PierreRoySyndic","article_modified_time":"2025-08-29T16:57:57+00:00","og_image":[{"width":1920,"height":800,"url":"https:\/\/pierreroy.com\/assets\/hero-bg-sophie.jpg","type":"image\/jpeg"}],"twitter_card":"summary_large_image","twitter_site":"@pierreroysyndic","twitter_misc":{"Est. reading time":"1 minute"},"schema":{"@context":"https:\/\/schema.org","@graph":[{"@type":"WebPage","@id":"https:\/\/pierreroy.com\/en\/offices\/bankruptcy-trustee-saint-jerome\/","url":"https:\/\/pierreroy.com\/en\/offices\/bankruptcy-trustee-saint-jerome\/","name":"Bankruptcy Trustee in Saint-J\u00e9r\u00f4me - 189 de Martigny O. -\u00a0Pierre Roy &amp; Associ\u00e9s","isPartOf":{"@id":"https:\/\/pierreroy.com\/#website"},"primaryImageOfPage":{"@id":"https:\/\/pierreroy.com\/en\/offices\/bankruptcy-trustee-saint-jerome\/#primaryimage"},"image":{"@id":"https:\/\/pierreroy.com\/en\/offices\/bankruptcy-trustee-saint-jerome\/#primaryimage"},"thumbnailUrl":"https:\/\/pierreroy.com\/assets\/hero-bg-sophie.jpg","datePublished":"2014-03-26T15:54:46+00:00","dateModified":"2025-08-29T16:57:57+00:00","description":"Our financial reorganization advisors in Saint-J\u00e9r\u00f4me are there to relieve you of your debt and guide you to a better financial situation.","breadcrumb":{"@id":"https:\/\/pierreroy.com\/en\/offices\/bankruptcy-trustee-saint-jerome\/#breadcrumb"},"inLanguage":"en-CA","potentialAction":[{"@type":"ReadAction","target":["https:\/\/pierreroy.com\/en\/offices\/bankruptcy-trustee-saint-jerome\/"]}]},{"@type":"ImageObject","inLanguage":"en-CA","@id":"https:\/\/pierreroy.com\/en\/offices\/bankruptcy-trustee-saint-jerome\/#primaryimage","url":"https:\/\/pierreroy.com\/assets\/hero-bg-sophie.jpg","contentUrl":"https:\/\/pierreroy.com\/assets\/hero-bg-sophie.jpg","width":1920,"height":800},{"@type":"BreadcrumbList","@id":"https:\/\/pierreroy.com\/en\/offices\/bankruptcy-trustee-saint-jerome\/#breadcrumb","itemListElement":[{"@type":"ListItem","position":1,"name":"Pierre Roy &amp; Associ\u00e9s","item":"https:\/\/pierreroy.com\/en\/"},{"@type":"ListItem","position":2,"name":"Offices","item":"https:\/\/pierreroy.com\/en\/offices\/"},{"@type":"ListItem","position":3,"name":"Saint-J\u00e9r\u00f4me"}]},{"@type":"WebSite","@id":"https:\/\/pierreroy.com\/#website","url":"https:\/\/pierreroy.com\/","name":"Pierre Roy &amp; Associ\u00e9s","description":"Solutions \u00e0 l&#039;endettement","potentialAction":[{"@type":"SearchAction","target":{"@type":"EntryPoint","urlTemplate":"https:\/\/pierreroy.com\/?s={search_term_string}"},"query-input":{"@type":"PropertyValueSpecification","valueRequired":true,"valueName":"search_term_string"}}],"inLanguage":"en-CA"}]}},"_links":{"self":[{"href":"https:\/\/pierreroy.com\/en\/wp-json\/wp\/v2\/pages\/4679","targetHints":{"allow":["GET"]}}],"collection":[{"href":"https:\/\/pierreroy.com\/en\/wp-json\/wp\/v2\/pages"}],"about":[{"href":"https:\/\/pierreroy.com\/en\/wp-json\/wp\/v2\/types\/page"}],"author":[{"embeddable":true,"href":"https:\/\/pierreroy.com\/en\/wp-json\/wp\/v2\/users\/1"}],"replies":[{"embeddable":true,"href":"https:\/\/pierreroy.com\/en\/wp-json\/wp\/v2\/comments?post=4679"}],"version-history":[{"count":0,"href":"https:\/\/pierreroy.com\/en\/wp-json\/wp\/v2\/pages\/4679\/revisions"}],"up":[{"embeddable":true,"href":"https:\/\/pierreroy.com\/en\/wp-json\/wp\/v2\/pages\/4219"}],"wp:featuredmedia":[{"embeddable":true,"href":"https:\/\/pierreroy.com\/en\/wp-json\/wp\/v2\/media\/7468"}],"wp:attachment":[{"href":"https:\/\/pierreroy.com\/en\/wp-json\/wp\/v2\/media?parent=4679"}],"curies":[{"name":"wp","href":"https:\/\/api.w.org\/{rel}","templated":true}]}}