{"id":6283,"date":"2020-10-29T13:26:37","date_gmt":"2020-10-29T18:26:37","guid":{"rendered":"https:\/\/pierreroy.com\/?page_id=6283"},"modified":"2023-03-06T12:31:04","modified_gmt":"2023-03-06T17:31:04","slug":"bankruptcy-trustee-trois-rivieres","status":"publish","type":"page","link":"https:\/\/pierreroy.com\/en\/offices\/bankruptcy-trustee-trois-rivieres\/","title":{"rendered":"Trois-Rivi\u00e8res"},"content":{"rendered":"<p>Need to settle your debts once and for all? Want to find peace of mind? Come and meet us, free of charge. Pierre Roy &#038; Associ\u00e9s, the experts in personalized debt solutions in the Trois-Rivi\u00e8res region. A careful and non-judgmental examination of your situation by one of our Financial Reorganization Advisors and one of our Licensed Insolvency Trustees will allow you to take the appropriate steps towards your financial health, whether it is <a href=\"https:\/\/pierreroy.com\/en\/consumer-proposal\/\">negotiating with your creditors<\/a> or <a href=\"https:\/\/pierreroy.com\/en\/personal-bankruptcy\/\">erasing all of your debts<\/a>. More than one option is possible; thanks to our support you will find yours. A meeting with Pierre Roy &#038; Associ\u00e9s commits you to nothing, only to satisfaction.<\/p>\n<!-- MOLECULE: consultation-cta-en-->\r\n<div class=\"slim border-box box\"><div class=\"grid_6 mobile-center no-padding\"><p class=no-margin><span class=big-thin>Need help fast?<\/span><br><span class=small>Get a free consultation within 48 hours<\/span><\/div><div class=\"grid_6 mobile-center no-padding text-right\"><p class=slim><a class=\"button red\"href=\"\/en\/free-consultation\/?office_id=\">Get a free consultation<\/a><\/div><div class=clear><\/div><\/div>\n","protected":false},"excerpt":{"rendered":"<p>Need to settle your debts once and for all? Want to find peace of mind? Come and meet us, free of charge. Pierre Roy &#038; Associ\u00e9s, the experts in personalized debt solutions in the Trois-Rivi\u00e8res region. A careful and non-judgmental examination of your situation by one of our Financial Reorganization Advisors and one of our [&hellip;]<\/p>\n","protected":false},"author":17,"featured_media":7468,"parent":4219,"menu_order":0,"comment_status":"closed","ping_status":"closed","template":"page-office.php","meta":{"_acf_changed":false,"footnotes":""},"class_list":["post-6283","page","type-page","status-publish","has-post-thumbnail","hentry"],"acf":[],"yoast_head":"<!-- This site is optimized with the Yoast SEO plugin v26.6 - https:\/\/yoast.com\/wordpress\/plugins\/seo\/ -->\n<title>Bankruptcy Trustee in Trois-Rivi\u00e8res - 2480 des R\u00e9collets - Pierre Roy &amp; Associ\u00e9s<\/title>\n<meta name=\"description\" content=\"Our financial reorganization advisors in Trois-Rivi\u00e8res are there to relieve you of your debt and guide you to a better financial situation.\" \/>\n<meta name=\"robots\" content=\"index, follow, max-snippet:-1, max-image-preview:large, max-video-preview:-1\" \/>\n<link rel=\"canonical\" href=\"https:\/\/pierreroy.com\/en\/offices\/bankruptcy-trustee-trois-rivieres\/\" \/>\n<meta property=\"og:locale\" content=\"en_US\" \/>\n<meta property=\"og:type\" content=\"article\" \/>\n<meta property=\"og:title\" content=\"Bankruptcy Trustee in Trois-Rivi\u00e8res - 2480 des R\u00e9collets - Pierre Roy &amp; Associ\u00e9s\" \/>\n<meta property=\"og:description\" content=\"Our financial reorganization advisors in Trois-Rivi\u00e8res are there to relieve you of your debt and guide you to a better financial situation.\" \/>\n<meta property=\"og:url\" content=\"https:\/\/pierreroy.com\/en\/offices\/bankruptcy-trustee-trois-rivieres\/\" \/>\n<meta property=\"og:site_name\" content=\"Pierre Roy &amp; Associ\u00e9s\" \/>\n<meta property=\"article:publisher\" content=\"https:\/\/www.facebook.com\/PierreRoySyndic\" \/>\n<meta property=\"article:modified_time\" content=\"2023-03-06T17:31:04+00:00\" \/>\n<meta property=\"og:image\" content=\"https:\/\/pierreroy.com\/assets\/hero-bg-office.jpg\" \/>\n\t<meta property=\"og:image:width\" content=\"1200\" \/>\n\t<meta property=\"og:image:height\" content=\"400\" \/>\n\t<meta property=\"og:image:type\" content=\"image\/jpeg\" \/>\n<meta name=\"twitter:card\" content=\"summary_large_image\" \/>\n<meta name=\"twitter:site\" content=\"@pierreroysyndic\" \/>\n<meta name=\"twitter:label1\" content=\"Est. reading time\" \/>\n\t<meta name=\"twitter:data1\" content=\"1 minute\" \/>\n<script type=\"application\/ld+json\" class=\"yoast-schema-graph\">{\"@context\":\"https:\/\/schema.org\",\"@graph\":[{\"@type\":\"WebPage\",\"@id\":\"https:\/\/pierreroy.com\/en\/offices\/bankruptcy-trustee-trois-rivieres\/\",\"url\":\"https:\/\/pierreroy.com\/en\/offices\/bankruptcy-trustee-trois-rivieres\/\",\"name\":\"Bankruptcy Trustee in Trois-Rivi\u00e8res - 2480 des R\u00e9collets - Pierre Roy &amp; Associ\u00e9s\",\"isPartOf\":{\"@id\":\"https:\/\/pierreroy.com\/#website\"},\"primaryImageOfPage\":{\"@id\":\"https:\/\/pierreroy.com\/en\/offices\/bankruptcy-trustee-trois-rivieres\/#primaryimage\"},\"image\":{\"@id\":\"https:\/\/pierreroy.com\/en\/offices\/bankruptcy-trustee-trois-rivieres\/#primaryimage\"},\"thumbnailUrl\":\"https:\/\/pierreroy.com\/assets\/hero-bg-sophie.jpg\",\"datePublished\":\"2020-10-29T18:26:37+00:00\",\"dateModified\":\"2023-03-06T17:31:04+00:00\",\"description\":\"Our financial reorganization advisors in Trois-Rivi\u00e8res are there to relieve you of your debt and guide you to a better financial situation.\",\"breadcrumb\":{\"@id\":\"https:\/\/pierreroy.com\/en\/offices\/bankruptcy-trustee-trois-rivieres\/#breadcrumb\"},\"inLanguage\":\"en-CA\",\"potentialAction\":[{\"@type\":\"ReadAction\",\"target\":[\"https:\/\/pierreroy.com\/en\/offices\/bankruptcy-trustee-trois-rivieres\/\"]}]},{\"@type\":\"ImageObject\",\"inLanguage\":\"en-CA\",\"@id\":\"https:\/\/pierreroy.com\/en\/offices\/bankruptcy-trustee-trois-rivieres\/#primaryimage\",\"url\":\"https:\/\/pierreroy.com\/assets\/hero-bg-sophie.jpg\",\"contentUrl\":\"https:\/\/pierreroy.com\/assets\/hero-bg-sophie.jpg\",\"width\":1920,\"height\":800},{\"@type\":\"BreadcrumbList\",\"@id\":\"https:\/\/pierreroy.com\/en\/offices\/bankruptcy-trustee-trois-rivieres\/#breadcrumb\",\"itemListElement\":[{\"@type\":\"ListItem\",\"position\":1,\"name\":\"Pierre Roy &amp; Associ\u00e9s\",\"item\":\"https:\/\/pierreroy.com\/en\/\"},{\"@type\":\"ListItem\",\"position\":2,\"name\":\"Offices\",\"item\":\"https:\/\/pierreroy.com\/en\/offices\/\"},{\"@type\":\"ListItem\",\"position\":3,\"name\":\"Trois-Rivi\u00e8res\"}]},{\"@type\":\"WebSite\",\"@id\":\"https:\/\/pierreroy.com\/#website\",\"url\":\"https:\/\/pierreroy.com\/\",\"name\":\"Pierre Roy &amp; Associ\u00e9s\",\"description\":\"Solutions \u00e0 l&#039;endettement\",\"potentialAction\":[{\"@type\":\"SearchAction\",\"target\":{\"@type\":\"EntryPoint\",\"urlTemplate\":\"https:\/\/pierreroy.com\/?s={search_term_string}\"},\"query-input\":{\"@type\":\"PropertyValueSpecification\",\"valueRequired\":true,\"valueName\":\"search_term_string\"}}],\"inLanguage\":\"en-CA\"}]}<\/script>\n<!-- \/ Yoast SEO plugin. -->","yoast_head_json":{"title":"Bankruptcy Trustee in Trois-Rivi\u00e8res - 2480 des R\u00e9collets - Pierre Roy &amp; Associ\u00e9s","description":"Our financial reorganization advisors in Trois-Rivi\u00e8res are there to relieve you of your debt and guide you to a better financial situation.","robots":{"index":"index","follow":"follow","max-snippet":"max-snippet:-1","max-image-preview":"max-image-preview:large","max-video-preview":"max-video-preview:-1"},"canonical":"https:\/\/pierreroy.com\/en\/offices\/bankruptcy-trustee-trois-rivieres\/","og_locale":"en_US","og_type":"article","og_title":"Bankruptcy Trustee in Trois-Rivi\u00e8res - 2480 des R\u00e9collets - Pierre Roy &amp; Associ\u00e9s","og_description":"Our financial reorganization advisors in Trois-Rivi\u00e8res are there to relieve you of your debt and guide you to a better financial situation.","og_url":"https:\/\/pierreroy.com\/en\/offices\/bankruptcy-trustee-trois-rivieres\/","og_site_name":"Pierre Roy &amp; Associ\u00e9s","article_publisher":"https:\/\/www.facebook.com\/PierreRoySyndic","article_modified_time":"2023-03-06T17:31:04+00:00","og_image":[{"width":1200,"height":400,"url":"https:\/\/pierreroy.com\/assets\/hero-bg-office.jpg","type":"image\/jpeg"}],"twitter_card":"summary_large_image","twitter_site":"@pierreroysyndic","twitter_misc":{"Est. reading time":"1 minute"},"schema":{"@context":"https:\/\/schema.org","@graph":[{"@type":"WebPage","@id":"https:\/\/pierreroy.com\/en\/offices\/bankruptcy-trustee-trois-rivieres\/","url":"https:\/\/pierreroy.com\/en\/offices\/bankruptcy-trustee-trois-rivieres\/","name":"Bankruptcy Trustee in Trois-Rivi\u00e8res - 2480 des R\u00e9collets - Pierre Roy &amp; Associ\u00e9s","isPartOf":{"@id":"https:\/\/pierreroy.com\/#website"},"primaryImageOfPage":{"@id":"https:\/\/pierreroy.com\/en\/offices\/bankruptcy-trustee-trois-rivieres\/#primaryimage"},"image":{"@id":"https:\/\/pierreroy.com\/en\/offices\/bankruptcy-trustee-trois-rivieres\/#primaryimage"},"thumbnailUrl":"https:\/\/pierreroy.com\/assets\/hero-bg-sophie.jpg","datePublished":"2020-10-29T18:26:37+00:00","dateModified":"2023-03-06T17:31:04+00:00","description":"Our financial reorganization advisors in Trois-Rivi\u00e8res are there to relieve you of your debt and guide you to a better financial situation.","breadcrumb":{"@id":"https:\/\/pierreroy.com\/en\/offices\/bankruptcy-trustee-trois-rivieres\/#breadcrumb"},"inLanguage":"en-CA","potentialAction":[{"@type":"ReadAction","target":["https:\/\/pierreroy.com\/en\/offices\/bankruptcy-trustee-trois-rivieres\/"]}]},{"@type":"ImageObject","inLanguage":"en-CA","@id":"https:\/\/pierreroy.com\/en\/offices\/bankruptcy-trustee-trois-rivieres\/#primaryimage","url":"https:\/\/pierreroy.com\/assets\/hero-bg-sophie.jpg","contentUrl":"https:\/\/pierreroy.com\/assets\/hero-bg-sophie.jpg","width":1920,"height":800},{"@type":"BreadcrumbList","@id":"https:\/\/pierreroy.com\/en\/offices\/bankruptcy-trustee-trois-rivieres\/#breadcrumb","itemListElement":[{"@type":"ListItem","position":1,"name":"Pierre Roy &amp; Associ\u00e9s","item":"https:\/\/pierreroy.com\/en\/"},{"@type":"ListItem","position":2,"name":"Offices","item":"https:\/\/pierreroy.com\/en\/offices\/"},{"@type":"ListItem","position":3,"name":"Trois-Rivi\u00e8res"}]},{"@type":"WebSite","@id":"https:\/\/pierreroy.com\/#website","url":"https:\/\/pierreroy.com\/","name":"Pierre Roy &amp; Associ\u00e9s","description":"Solutions \u00e0 l&#039;endettement","potentialAction":[{"@type":"SearchAction","target":{"@type":"EntryPoint","urlTemplate":"https:\/\/pierreroy.com\/?s={search_term_string}"},"query-input":{"@type":"PropertyValueSpecification","valueRequired":true,"valueName":"search_term_string"}}],"inLanguage":"en-CA"}]}},"_links":{"self":[{"href":"https:\/\/pierreroy.com\/en\/wp-json\/wp\/v2\/pages\/6283","targetHints":{"allow":["GET"]}}],"collection":[{"href":"https:\/\/pierreroy.com\/en\/wp-json\/wp\/v2\/pages"}],"about":[{"href":"https:\/\/pierreroy.com\/en\/wp-json\/wp\/v2\/types\/page"}],"author":[{"embeddable":true,"href":"https:\/\/pierreroy.com\/en\/wp-json\/wp\/v2\/users\/17"}],"replies":[{"embeddable":true,"href":"https:\/\/pierreroy.com\/en\/wp-json\/wp\/v2\/comments?post=6283"}],"version-history":[{"count":0,"href":"https:\/\/pierreroy.com\/en\/wp-json\/wp\/v2\/pages\/6283\/revisions"}],"up":[{"embeddable":true,"href":"https:\/\/pierreroy.com\/en\/wp-json\/wp\/v2\/pages\/4219"}],"wp:featuredmedia":[{"embeddable":true,"href":"https:\/\/pierreroy.com\/en\/wp-json\/wp\/v2\/media\/7468"}],"wp:attachment":[{"href":"https:\/\/pierreroy.com\/en\/wp-json\/wp\/v2\/media?parent=6283"}],"curies":[{"name":"wp","href":"https:\/\/api.w.org\/{rel}","templated":true}]}}